{"id":311,"date":"2019-10-01T16:59:05","date_gmt":"2019-10-01T13:59:05","guid":{"rendered":"http:\/\/u324816482-tapau-lt.hostingerapp.com\/pamokos\/login-2\/"},"modified":"2021-04-01T16:23:07","modified_gmt":"2021-04-01T13:23:07","slug":"login","status":"publish","type":"page","link":"https:\/\/tapau.lt\/pamokos\/login\/","title":{"rendered":""},"content":{"rendered":"\t<section class=\"uo_loginForm\">\n\t\t<script>\n\t\t\t\t\t\tlet UOToolkitFrontEndLoginFormData = JSON.parse('{\"turnstileRecaptcha\":false}');\n\t\t<\/script>\n\t\t<style>.login-msg{color:red;} .login-msg.loggedout{color:green;}#loginform label[for=\"user_login\"],#loginform label[for=\"user_pass\"] {display: block;}<\/style>\n\t<div class=\"uo_error\">\n\t\t\t<\/div>\n\n\t\n\t\t<h2>Prisijunkite<\/h2>\n\t\n\t<p class=\"uo-login-description\">\n\t\t\u012era\u0161ykite savo el. pa\u0161to adres\u0105 ir slapta\u017eod\u012f\t<\/p>\n\n<form name=\"ult-login-form\" id=\"ult-login-form\" action=\"https:\/\/tapau.lt\/pamokos\/wp-login.php\" method=\"post\"><p class=\"login-username\">\n\t\t\t\t<label for=\"user_login\">El. pa\u0161to adresas<\/label>\n\t\t\t\t<input type=\"text\" name=\"log\" id=\"user_login\" autocomplete=\"username\" class=\"input\" value=\"\" size=\"20\" \/>\n\t\t\t<\/p><p class=\"login-password\">\n\t\t\t\t<label for=\"user_pass\">Slapta\u017eodis<\/label>\n\t\t\t\t<input type=\"password\" name=\"pwd\" id=\"user_pass\" autocomplete=\"current-password\" spellcheck=\"false\" class=\"input\" value=\"\" size=\"20\" \/>\n\t\t\t<\/p><p class=\"login-remember\"><label><input name=\"rememberme\" type=\"checkbox\" id=\"rememberme\" value=\"forever\" checked=\"checked\" \/> Atsiminti<\/label><\/p><p class=\"login-submit\">\n\t\t\t\t<input type=\"submit\" name=\"wp-submit\" id=\"wp-submit\" class=\"button button-primary\" value=\"PRISIJUNGTI\" \/>\n\t\t\t\t<input type=\"hidden\" name=\"redirect_to\" value=\"https:\/\/tapau.lt\/pamokos\/wp-admin\/\" \/>\n\t\t\t<\/p><a class=\"forgot-link\" href=\"https:\/\/tapau.lt\/pamokos\/login\/?action=lostpassword\">Pamir\u0161ote slapta\u017eod\u012f?<\/a><\/form>\n<script type='text\/javascript'>\n    jQuery(document).ready(function () {\n        jQuery('#user_login').attr('required', 'required')\n        jQuery('#user_pass').attr('required', 'required')\n    })\n<\/script>\n\t<\/section>\n\n","protected":false},"excerpt":{"rendered":"","protected":false},"author":1,"featured_media":0,"parent":0,"menu_order":0,"comment_status":"closed","ping_status":"closed","template":"","meta":{"_et_pb_use_builder":"","_et_pb_old_content":"","_et_gb_content_width":"","footnotes":""},"class_list":["post-311","page","type-page","status-publish","hentry"],"_links":{"self":[{"href":"https:\/\/tapau.lt\/pamokos\/wp-json\/wp\/v2\/pages\/311","targetHints":{"allow":["GET"]}}],"collection":[{"href":"https:\/\/tapau.lt\/pamokos\/wp-json\/wp\/v2\/pages"}],"about":[{"href":"https:\/\/tapau.lt\/pamokos\/wp-json\/wp\/v2\/types\/page"}],"author":[{"embeddable":true,"href":"https:\/\/tapau.lt\/pamokos\/wp-json\/wp\/v2\/users\/1"}],"replies":[{"embeddable":true,"href":"https:\/\/tapau.lt\/pamokos\/wp-json\/wp\/v2\/comments?post=311"}],"version-history":[{"count":6,"href":"https:\/\/tapau.lt\/pamokos\/wp-json\/wp\/v2\/pages\/311\/revisions"}],"predecessor-version":[{"id":415,"href":"https:\/\/tapau.lt\/pamokos\/wp-json\/wp\/v2\/pages\/311\/revisions\/415"}],"wp:attachment":[{"href":"https:\/\/tapau.lt\/pamokos\/wp-json\/wp\/v2\/media?parent=311"}],"curies":[{"name":"wp","href":"https:\/\/api.w.org\/{rel}","templated":true}]}}