{"id":233,"date":"2018-01-25T10:17:45","date_gmt":"2018-01-25T08:17:45","guid":{"rendered":"https:\/\/tapau.lt\/pamokos\/registration\/"},"modified":"2020-11-24T08:17:36","modified_gmt":"2020-11-24T06:17:36","slug":"registracija","status":"publish","type":"page","link":"https:\/\/tapau.lt\/pamokos\/registracija\/","title":{"rendered":"Registracija"},"content":{"rendered":"<p>Tapybos rinkinio \u201eA\u0161 noriu tapyti\u201c video pamokos pasiekiamos tik registruotiems tapytojams \ud83d\ude42 Nurodykite pra\u0161omus duomenis ir paspauskite mygtuk\u0105 \u201eRegistruotis\u201c. Taip sukursite prisijungim\u0105 prie tapybos video pamok\u0173 \u2013 j\u012f i\u0161saugokite ir naudokite kiek tik reikia.<br \/>\nJei registracija nepavyksta, para\u0161ykite man el. lai\u0161k\u0105: <a href=\"mailto:as@tapau.lt\">as@tapau.lt<\/a><\/p>\n\n\t<form id=\"uncanny-learndash-codes-registration_form\"\n\t\t  class=\"uncanny-learndash-codes-registration uncanny-learndash-codes\" action=\"\" method=\"POST\">\n\t\t<fieldset>\n\t\t\t<table class=\"table table-form form-table clr\">\n\t\t\t\t<tr>\n\t\t\t\t\t<td class=\"label\"><label\n\t\t\t\t\t\t\tfor=\"uncanny-learndash-codes-user_first\">First Name<\/label>\n\t\t\t\t\t<\/td>\n\t\t\t\t\t<td class=\"input\"><input name=\"uncanny-learndash-codes-user_first\"\n\t\t\t\t\t\t\t\t\t\t\tid=\"uncanny-learndash-codes-user_first\"\n\t\t\t\t\t\t\t\t\t\t\trequired=\"required\"\n\t\t\t\t\t\t\t\t\t\t\tvalue=\"\"\n\t\t\t\t\t\t\t\t\t\t\ttype=\"text\"\/><\/td>\n\t\t\t\t<\/tr>\n\t\t\t\t<tr>\n\t\t\t\t\t<td class=\"label\"><label\n\t\t\t\t\t\t\tfor=\"uncanny-learndash-codes-user_last\">Last Name<\/label>\n\t\t\t\t\t<\/td>\n\t\t\t\t\t<td class=\"input\"><input name=\"uncanny-learndash-codes-user_last\"\n\t\t\t\t\t\t\t\t\t\t\tid=\"uncanny-learndash-codes-user_last\"\n\t\t\t\t\t\t\t\t\t\t\trequired=\"required\"\n\t\t\t\t\t\t\t\t\t\t\tvalue=\"\"\n\t\t\t\t\t\t\t\t\t\t\ttype=\"text\"\/><\/td>\n\t\t\t\t<\/tr>\n\t\t\t\t<tr>\n\t\t\t\t\t<td class=\"label\"><label\n\t\t\t\t\t\t\tfor=\"uncanny-learndash-codes-user_email\">Email \/ Username<\/label>\n\t\t\t\t\t<\/td>\n\t\t\t\t\t<td class=\"input\"><input name=\"uncanny-learndash-codes-user_email\"\n\t\t\t\t\t\t\t\t\t\t\t id=\"uncanny-learndash-codes-user_email\"\n\t\t\t\t\t\t\t\t\t\t\t required=\"required\"\n\t\t\t\t\t\t\t\t\t\t\t value=\"\"\n\t\t\t\t\t\t\t\t\t\t\t class=\"required\" type=\"email\"\/><\/td>\n\t\t\t\t<\/tr>\n\t\t\t\t<tr>\n\t\t\t\t\t<td class=\"label\"><label\n\t\t\t\t\t\t\tfor=\"password\">Password<\/label>\n\t\t\t\t\t<\/td>\n\t\t\t\t\t<td class=\"input\"><input name=\"uncanny-learndash-codes-user_pass\" id=\"password\"\n\t\t\t\t\t\t\t\t\t\t\t required=\"required\"\n\t\t\t\t\t\t\t\t\t\t\t minlength=\"6\"\n\t\t\t\t\t\t\t\t\t\t\t class=\"required\"\n\t\t\t\t\t\t\t\t\t\t\t type=\"password\"\/><\/td>\n\t\t\t\t<\/tr>\n\t\t\t\t<tr>\n\t\t\t\t\t<td class=\"label\"><label\n\t\t\t\t\t\t\tfor=\"password_again\">Confirm password<\/label>\n\t\t\t\t\t<\/td>\n\t\t\t\t\t<td class=\"input\"><input name=\"uncanny-learndash-codes-user_pass_confirm\" id=\"password_again\"\n\t\t\t\t\t\t\t\t\t\t\t required=\"required\"\n\t\t\t\t\t\t\t\t\t\t\t minlength=\"6\"\n\t\t\t\t\t\t\t\t\t\t\t class=\"required\"\n\t\t\t\t\t\t\t\t\t\t\t type=\"password\"\/><\/td>\n\t\t\t\t<\/tr>\n\t\t\t\t<tr>\n\t\t\t\t\t<td class=\"label\"><label\n\t\t\t\t\t\t\tfor=\"code_registration\">Registration code<\/label>\n\t\t\t\t\t<\/td>\n\t\t\t\t\t<td class=\"input\"><input name=\"uncanny-learndash-codes-code_registration\" id=\"code_registration\"\n\t\t\t\t\t\t\t\t\t\t\t \t\t\t\t\t\t\t\t\t\t\t\t\trequired=\"required\"\n\t\t\t\t\t\t\t\t\t\t\t class=\"required\"\t\t\t\t\t\t\t\t\t\t\t value=\"\"\n\t\t\t\t\t\t\t\t\t\t\t type=\"text\"\/><\/td>\n\t\t\t\t<\/tr>\n\t\t\t\t\t\t\t\t<tr>\n\t\t\t\t\t<td class=\"label\">\n\t\t\t\t\t\t<input type=\"hidden\" name=\"_uo_nonce\"\n\t\t\t\t\t\t\t   value=\"bf30275578\"\/>\n\t\t\t\t\t\t<input type=\"hidden\" name=\"redirect_to\"\n\t\t\t\t\t\t\t   value=\"https:\/\/tapau.lt\/pamokos\/\"\/>\n\t\t\t\t\t\t<input type=\"hidden\" name=\"key\"\n\t\t\t\t\t\t\t   value=\"un0ctxas87mEM\"\/><\/td>\n\t\t\t\t\t<td class=\"input\"><input type=\"submit\" class=\"btn btn-default\"\n\t\t\t\t\t\t\t\t\t\t\t value=\"Register Your Account\"\/>\n\t\t\t\t\t<\/td>\n\t\t\t\t<\/tr>\n\t\t\t<\/table>\n\t\t<\/fieldset>\n\t<\/form>\n\n","protected":false},"excerpt":{"rendered":"<p>Tapybos rinkinio \u201eA\u0161 noriu tapyti\u201c video pamokos pasiekiamos tik registruotiems tapytojams \ud83d\ude42 Nurodykite pra\u0161omus duomenis ir paspauskite mygtuk\u0105 \u201eRegistruotis\u201c. Taip [&hellip;]<\/p>\n","protected":false},"author":107,"featured_media":0,"parent":0,"menu_order":0,"comment_status":"closed","ping_status":"closed","template":"","meta":{"_et_pb_use_builder":"off","_et_pb_old_content":"Tapybos rinkinio \u201eA\u0161 noriu tapyti\u201c video pamokos pasiekiamos tik registruotiems tapytojams :) Nurodykite pra\u0161omus duomenis ir paspauskite mygtuk\u0105 \u201eRegistruotis\u201c. Taip sukursite prisijungim\u0105 prie tapybos video pamok\u0173 \u2013 j\u012f i\u0161saugokite ir naudokite kiek tik reikia.\nJei registracija nepavyksta, para\u0161ykite man el. lai\u0161k\u0105: <a href=\"mailto:as@tapau.lt\">as@tapau.lt<\/a>\n\n[pie_register_form id=\"1\" title=\"false\" description=\"false\"]","_et_gb_content_width":"","footnotes":""},"class_list":["post-233","page","type-page","status-publish","hentry"],"_links":{"self":[{"href":"https:\/\/tapau.lt\/pamokos\/wp-json\/wp\/v2\/pages\/233","targetHints":{"allow":["GET"]}}],"collection":[{"href":"https:\/\/tapau.lt\/pamokos\/wp-json\/wp\/v2\/pages"}],"about":[{"href":"https:\/\/tapau.lt\/pamokos\/wp-json\/wp\/v2\/types\/page"}],"author":[{"embeddable":true,"href":"https:\/\/tapau.lt\/pamokos\/wp-json\/wp\/v2\/users\/107"}],"replies":[{"embeddable":true,"href":"https:\/\/tapau.lt\/pamokos\/wp-json\/wp\/v2\/comments?post=233"}],"version-history":[{"count":12,"href":"https:\/\/tapau.lt\/pamokos\/wp-json\/wp\/v2\/pages\/233\/revisions"}],"predecessor-version":[{"id":354,"href":"https:\/\/tapau.lt\/pamokos\/wp-json\/wp\/v2\/pages\/233\/revisions\/354"}],"wp:attachment":[{"href":"https:\/\/tapau.lt\/pamokos\/wp-json\/wp\/v2\/media?parent=233"}],"curies":[{"name":"wp","href":"https:\/\/api.w.org\/{rel}","templated":true}]}}